{"id":341,"date":"2020-01-25T16:28:49","date_gmt":"2020-01-25T16:28:49","guid":{"rendered":"https:\/\/ergoist-gmbh.de\/?page_id=341"},"modified":"2021-04-06T09:37:03","modified_gmt":"2021-04-06T09:37:03","slug":"impressum","status":"publish","type":"page","link":"https:\/\/ergoist-gmbh.de\/index.php\/impressum\/","title":{"rendered":"Impressum"},"content":{"rendered":"\n<p><strong>Impressum<\/strong><br>Ergoist GmbH<br>Unterstra\u00dfe 11<br>65385 R\u00fcdesheim<\/p>\n\n\n\n<p>Telefon: +49 611 1373015 \u2013 0<br>Telefax: +49 611 1373015 \u2013 9<\/p>\n\n\n\n<p>E-Mail: info@ergoist.de<br>Vertreten durch: Gesch\u00e4ftsf\u00fchrer Christian Loewe, Kristijan Tomic<\/p>\n\n\n\n<p><strong>Registereintrag:<\/strong><br>Eingetragen im Handelsregister.<br>Registergericht: Amtsgericht Wiesbaden<br>Registernummer: HRB 29483<br>Verantwortlich f\u00fcr den Inhalt (gem. \u00a7 55 Abs. 2 RStV):<br>Christian Loewe c\/o Ergoist GmbH<br>Anschrift: s.o.<br><strong><br>Bildrechte:<\/strong> IStock, Fotolia, Christian Loewe<\/p>\n\n\n\n<p><br><strong>Hinweis auf EU-Streitschlichtung<\/strong><br>Zur \nau\u00dfergerichtlichen Beilegung von verbraucherrechtlichen Streitigkeiten \nhat die Europ\u00e4ische Union eine Online-Plattform (\u201cOS-Plattform\u201d) \neingerichtet, an die Sie sich wenden k\u00f6nnen. Die Plattform finden Sie \nunter http:\/\/ec.europa.eu\/consumers\/odr\/. Unsere Emailadresse lautet: \ninfo@ergoist.de<\/p>\n\n\n\n<p><br>Disclaimer \u2013 rechtliche Hinweise<\/p>\n\n\n\n<p><strong>\u00a7 1 Warnhinweis zu Inhalten<\/strong><br>Die kostenlosen und \nfrei zug\u00e4nglichen Inhalte dieser Webseite wurden mit gr\u00f6\u00dftm\u00f6glicher \nSorgfalt erstellt. Der Anbieter dieser Webseite \u00fcbernimmt jedoch keine \nGew\u00e4hr f\u00fcr die Richtigkeit und Aktualit\u00e4t der bereitgestellten \nkostenlosen und frei zug\u00e4nglichen journalistischen Ratgeber und \nNachrichten. Namentlich gekennzeichnete Beitr\u00e4ge geben die Meinung des \njeweiligen Autors und nicht immer die Meinung des Anbieters wieder. \nAllein durch den Aufruf der kostenlosen und frei zug\u00e4nglichen Inhalte \nkommt keinerlei Vertragsverh\u00e4ltnis zwischen dem Nutzer und dem Anbieter \nzustande, insoweit fehlt es am Rechtsbindungswillen des Anbieters.<br><br><strong>\u00a7 2 Externe Links<\/strong><br>Diese\n Website enth\u00e4lt Verkn\u00fcpfungen zu Websites Dritter (&#8222;externe Links&#8220;). \nDiese Websites unterliegen der Haftung der jeweiligen Betreiber. Der \nAnbieter hat bei der erstmaligen Verkn\u00fcpfung der externen Links die \nfremden Inhalte daraufhin \u00fcberpr\u00fcft, ob etwaige Rechtsverst\u00f6\u00dfe bestehen.\n Zu dem Zeitpunkt waren keine Rechtsverst\u00f6\u00dfe ersichtlich. Der Anbieter \nhat keinerlei Einfluss auf die aktuelle und zuk\u00fcnftige Gestaltung und \nauf die Inhalte der verkn\u00fcpften Seiten. Das Setzen von externen Links \nbedeutet nicht, dass sich der Anbieter die hinter dem Verweis oder Link \nliegenden Inhalte zu Eigen macht. Eine st\u00e4ndige Kontrolle der externen \nLinks ist f\u00fcr den Anbieter ohne konkrete Hinweise auf Rechtsverst\u00f6\u00dfe \nnicht zumutbar. Bei Kenntnis von Rechtsverst\u00f6\u00dfen werden jedoch derartige\n externe Links unverz\u00fcglich gel\u00f6scht.<br><br><strong>\u00a7 3 Urheber- und Leistungsschutzrechte<\/strong><br>Die\n auf dieser Website ver\u00f6ffentlichten Inhalte unterliegen dem deutschen \nUrheber- und Leistungsschutzrecht. Jede vom deutschen Urheber- und \nLeistungsschutzrecht nicht zugelassene Verwertung bedarf der vorherigen \nschriftlichen Zustimmung des Anbieters oder jeweiligen Rechteinhabers. \nDies gilt insbesondere f\u00fcr Vervielf\u00e4ltigung, Bearbeitung, \u00dcbersetzung, \nEinspeicherung, Verarbeitung bzw. Wiedergabe von Inhalten in Datenbanken\n oder anderen elektronischen Medien und Systemen. Inhalte und Rechte \nDritter sind dabei als solche gekennzeichnet. Die unerlaubte \nVervielf\u00e4ltigung oder Weitergabe einzelner Inhalte oder kompletter \nSeiten ist nicht gestattet und strafbar. Lediglich die Herstellung von \nKopien und Downloads f\u00fcr den pers\u00f6nlichen, privaten und nicht \nkommerziellen Gebrauch ist erlaubt.<br><br>Die Darstellung dieser Website in fremden Frames ist nur mit schriftlicher Erlaubnis zul\u00e4ssig.<br><br><strong>\u00a7 4 Besondere Nutzungsbedingungen<\/strong><br>Soweit\n besondere Bedingungen f\u00fcr einzelne Nutzungen dieser Website von den \nvorgenannten Paragraphen abweichen, wird an entsprechender Stelle \nausdr\u00fccklich darauf hingewiesen. In diesem Falle gelten im jeweiligen \nEinzelfall die besonderen Nutzungsbedingungen.<br>Quelle: juraforum.de<\/p>\n\n\n\n<p><br>Datenschutzerkl\u00e4rung:<br><br>Nachfolgend\n m\u00f6chten wir Sie \u00fcber unsere Datenschutzerkl\u00e4rung informieren. Sie \nfinden hier Informationen \u00fcber die Erhebung und Verwendung pers\u00f6nlicher \nDaten bei der Nutzung unserer Webseite. Wir beachten dabei das f\u00fcr \nDeutschland geltende Datenschutzrecht. Sie k\u00f6nnen diese Erkl\u00e4rung \njederzeit auf unserer Webseite abrufen. <br><br>Wir weisen ausdr\u00fccklich \ndarauf hin, dass die Daten\u00fcbertragung im Internet (z.B. bei der \nKommunikation per E-Mail) Sicherheitsl\u00fccken aufweisen und nicht \nl\u00fcckenlos vor dem Zugriff durch Dritte gesch\u00fctzt werden kann. <br><br>Die\n Verwendung der Kontaktdaten unseres Impressums zur gewerblichen Werbung\n ist ausdr\u00fccklich nicht erw\u00fcnscht, es sei denn wir hatten zuvor unsere \nschriftliche Einwilligung erteilt oder es besteht bereits eine \nGesch\u00e4ftsbeziehung. Der Anbieter und alle auf dieser Website genannten \nPersonen widersprechen hiermit jeder kommerziellen Verwendung und \nWeitergabe ihrer Daten. <br><br><strong>Personenbezogene Daten<\/strong> <br>Sie\n k\u00f6nnen unsere Webseite ohne Angabe personenbezogener Daten besuchen. \nSoweit auf unseren Seiten personenbezogene Daten (wie Name, Anschrift \noder E-Mail Adresse) erhoben werden, erfolgt dies, soweit m\u00f6glich, auf \nfreiwilliger Basis. Diese Daten werden ohne Ihre ausdr\u00fcckliche \nZustimmung nicht an Dritte weitergegeben. Sofern zwischen Ihnen und uns \nein Vertragsverh\u00e4ltnis begr\u00fcndet, inhaltlich ausgestaltet oder ge\u00e4ndert \nwerden soll oder Sie an uns eine Anfrage stellen, erheben und verwenden \nwir personenbezogene Daten von Ihnen, soweit dies zu diesen Zwecken \nerforderlich ist (Bestandsdaten). Wir erheben, verarbeiten und nutzen \npersonenbezogene Daten soweit dies erforderlich ist, um Ihnen die \nInanspruchnahme des Webangebots zu erm\u00f6glichen (Nutzungsdaten). \nS\u00e4mtliche personenbezogenen Daten werden nur solange gespeichert wie \ndies f\u00fcr den genannten Zweck (Bearbeitung Ihrer Anfrage oder Abwicklung \neines Vertrags) erforderlich ist. Hierbei werden steuer- und \nhandelsrechtliche Aufbewahrungsfristen ber\u00fccksichtigt. Auf Anordnung der\n zust\u00e4ndigen Stellen d\u00fcrfen wir im Einzelfall Auskunft \u00fcber diese Daten \n(Bestandsdaten) erteilen, soweit dies f\u00fcr Zwecke der Strafverfolgung, \nzur Gefahrenabwehr, zur Erf\u00fcllung der gesetzlichen Aufgaben der \nVerfassungsschutzbeh\u00f6rden oder des Milit\u00e4rischen Abschirmdienstes oder \nzur Durchsetzung der Rechte am geistigen Eigentum erforderlich ist.<\/p>\n\n\n\n<p><br><strong>Kommentarfunktionen<\/strong><br>Im Rahmen der \nKommentarfunktion erheben wir personenbezogene Daten (z.B. Name, E-Mail)\n im Rahmen Ihrer Kommentierung zu einem Beitrag nur in dem Umfang wie \nSie ihn uns mitgeteilt haben. Bei der Ver\u00f6ffentlichung eines Kommentars \nwird die von Ihnen angegebene Email-Adresse gespeichert, aber nicht \nver\u00f6ffentlicht. Ihr Name wird ver\u00f6ffentlicht, wenn Sie nicht unter \nPseudonym geschrieben haben.<br>Datenschutzerkl\u00e4rung f\u00fcr das Facebook-Plugin (\u201eGef\u00e4llt mir\u201c)<br>Diese\n Webseite nutzt Plugins des Anbieters Facebook.com, welche durch das \nUnternehmen Facebook Inc., 1601 S. California Avenue, Palo Alto, CA \n94304 in den USA bereitgestellt werden. Nutzer unserer Webseite, auf der\n das Facebook-Plugin (\u201eGef\u00e4llt mir\u201c-Button) installiert ist, werden \nhiermit darauf hingewiesen, dass durch das Plugin eine Verbindung zu \nFacebook aufgebaut wird, wodurch eine \u00dcbermittlung an Ihren Browser \ndurchgef\u00fchrt wird, damit das Plugin auf der Webseite erscheint.<br>Des \nWeiteren werden durch die Nutzung Daten an die Facebook-Server \nweitergeleitet, welche Informationen \u00fcber Ihre Webseitenbesuche auf \nunserer Homepage enthalten. Dies hat f\u00fcr eingeloggte Facebook-Nutzer zur\n Folge, dass die Nutzungsdaten Ihrem pers\u00f6nlichen Facebook-Account \nzugeordnet werden. <br>Sobald Sie als eingeloggter Facebook-Nutzer aktiv\n das Facebook-Plugin nutzen (z.B. durch das Klicken auf den \u201eGef\u00e4llt \nmir\u201c Knopf oder die Nutzung der Kommentarfunktion), werden diese Daten \nzu Ihrem Facebook-Account \u00fcbertragen und ver\u00f6ffentlicht. Dies k\u00f6nnen Sie\n nur durch vorheriges Ausloggen aus Ihrem Facebook-Account umgehen. <br>Weitere\n Information bez\u00fcglich der Datennutzung durch Facebook entnehmen Sie \nbitte den datenschutzrechtlichen Bestimmungen auf Facebook unter \nhttp:\/\/de-de.facebook.com\/policy.php.<\/p>\n\n\n\n<p><strong>Datenschutzerkl\u00e4rung f\u00fcr den Webanalysedienst Google Analytics<\/strong><br>Diese\n Website benutzt Google Analytics, einen Webanalysedienst der Google \nInc. (&#8222;Google&#8220;). Google Analytics verwendet sog. &#8222;Cookies&#8220;, Textdateien,\n die auf Ihrem Computer gespeichert werden und die eine Analyse der \nBenutzung der Website durch Sie erm\u00f6glichen. Die durch den Cookie \nerzeugten Informationen \u00fcber Ihre Benutzung dieser Website werden in der\n Regel an einen Server von Google in den USA \u00fcbertragen und dort \ngespeichert. Wir haben die IP-Anonymisierung aktiviert. Auf dieser \nWebseite wird Ihre IP-Adresse von Google daher innerhalb von \nMitgliedstaaten der Europ\u00e4ischen Union oder in anderen Vertragsstaaten \ndes Abkommens \u00fcber den Europ\u00e4ischen Wirtschaftsraum zuvor gek\u00fcrzt. Nur \nin Ausnahmef\u00e4llen wird die volle IP-Adresse an einen Server von Google \nin den USA \u00fcbertragen und dort gek\u00fcrzt. Im Auftrag des Betreibers dieser\n Website wird Google diese Informationen benutzen, um Ihre Nutzung der \nWebsite auszuwerten, um Reports \u00fcber die Websiteaktivit\u00e4ten \nzusammenzustellen und um weitere mit der Websitenutzung und der \nInternetnutzung verbundene Dienstleistungen gegen\u00fcber dem \nWebsitebetreiber zu erbringen. Die im Rahmen von Google Analytics von \nIhrem Browser \u00fcbermittelte IP-Adresse wird nicht mit anderen Daten von \nGoogle zusammengef\u00fchrt. Sie k\u00f6nnen die Speicherung der Cookies durch \neine entsprechende Einstellung Ihrer Browser-Software verhindern; wir \nweisen Sie jedoch darauf hin, dass Sie in diesem Fall gegebenenfalls \nnicht s\u00e4mtliche Funktionen dieser Website vollumf\u00e4nglich werden nutzen \nk\u00f6nnen. Sie k\u00f6nnen dar\u00fcber hinaus die Erfassung der durch das Cookie \nerzeugten und auf Ihre Nutzung der Website bezogenen Daten (inkl. Ihrer \nIP-Adresse) an Google sowie die Verarbeitung dieser Daten durch Google \nverhindern, indem sie das unter dem folgenden Link verf\u00fcgbare \nBrowser-Plugin herunterladen und installieren: \nhttp:\/\/tools.google.com\/dlpage\/gaoptout?hl=de<br>Datenschutzerkl\u00e4rung f\u00fcr den Webanzeigendienst Google Adsense<br>Diese\n Website benutzt Google Adsense, einen Webanzeigendienst der Google \nInc., USA (&#8222;Google&#8220;). Google Adsense verwendet sog. &#8222;Cookies&#8220; \n(Textdateien), die auf Ihrem Computer gespeichert werden und die eine \nAnalyse der Benutzung der Website durch Sie erm\u00f6glicht. Google Adsense \nverwendet auch sog. &#8222;Web Beacons&#8220; (kleine unsichtbare Grafiken) zur \nSammlung von Informationen. Durch die Verwendung des Web Beacons k\u00f6nnen \neinfache Aktionen wie der Besucherverkehr auf der Webseite aufgezeichnet\n und gesammelt werden. Die durch den Cookie und\/oder Web Beacon \nerzeugten Informationen \u00fcber Ihre Benutzung diese Website \n(einschlie\u00dflich Ihrer IP-Adresse) werden an einen Server von Google in \nden USA \u00fcbertragen und dort gespeichert. Google wird diese Informationen\n benutzen, um Ihre Nutzung der Website im Hinblick auf die Anzeigen \nauszuwerten, um Reports \u00fcber die Websiteaktivit\u00e4ten und Anzeigen f\u00fcr die\n Websitebetreiber zusammenzustellen und um weitere mit der \nWebsitenutzung und der Internetnutzung verbundene Dienstleistungen zu \nerbringen. Auch wird Google diese Informationen gegebenenfalls an Dritte\n \u00fcbertragen, sofern dies gesetzlich vorgeschrieben oder soweit Dritte \ndiese Daten im Auftrag von Google verarbeiten. Google wird in keinem \nFall Ihre IP-Adresse mit anderen Daten der Google in Verbindung bringen.\n Das Speichern von Cookies auf Ihrer Festplatte und die Anzeige von Web \nBeacons k\u00f6nnen Sie verhindern, indem Sie in Ihren Browser-Einstellungen \n&#8222;keine Cookies akzeptieren&#8220; w\u00e4hlen (Im MS Internet-Explorer unter \n&#8222;Extras &gt; Internetoptionen &gt; Datenschutz &gt; Einstellung&#8220;; im \nFirefox unter &#8222;Extras &gt; Einstellungen &gt; Datenschutz &gt; \nCookies&#8220;); wir weisen Sie jedoch darauf hin, dass Sie in diesem Fall \ngegebenenfalls nicht s\u00e4mtliche Funktionen dieser Website voll umf\u00e4nglich\n nutzen k\u00f6nnen. Durch die Nutzung dieser Website erkl\u00e4ren Sie sich mit \nder Bearbeitung der \u00fcber Sie erhobenen Daten durch Google in der zuvor \nbeschriebenen Art und Weise und zu dem zuvor benannten Zweck \neinverstanden.<\/p>\n\n\n\n<p><strong>Datenschutzerkl\u00e4rung f\u00fcr das soziale Netzwerk Google Plus<\/strong><br>Diese\n Webseite verwendet die sog. \u201eG +1\u201c-Schaltfl\u00e4che des sozialen Netzwerkes\n Google Plus, welches von der Google Inc., 1600 Amphitheatre Parkway, \nMountain View, CA 94043, United States betrieben wird (\u201eGoogle\u201c). Die \nSchaltfl\u00e4che ist an dem Zeichen \u201eG +1\u201c zu erkennen. Wenn Sie bei Google \nPlus registriert sind, k\u00f6nnen Sie mit der \u201eG +1\u201c Schaltfl\u00e4che Ihr \nInteresse an unserer Webseite ausdr\u00fccken und Inhalte von unserer \nWebseite auf Google Plus teilen. In dem Falle speichert Google sowohl \ndie Information, dass Sie f\u00fcr einen unserer Inhalte ein \u201eG +1\u201c gegeben \nhaben, als auch Informationen \u00fcber die Seite, die Sie dabei angesehen \nhaben. Ihre \u201eG +1\u201c k\u00f6nnen m\u00f6glicherweise zusammen mit Ihrem Namen (ggf. \nauch mit Foto &#8211; soweit vorhanden) bei Google Plus in weiteren \nGoogle-Diensten, wie der Google Suche oder Ihrem Google-Profil, \neingeblendet werden. <br>Zweck und Umfang der Datenerhebung und die \nweitere Verarbeitung und Nutzung der Daten durch Google sowie Ihre \ndiesbez\u00fcglichen Rechte und Einstellungsm\u00f6glichkeiten zum Schutz Ihrer \nPrivatsph\u00e4re entnehmen Sie bitte Googles Datenschutzhinweisen:<br>https:\/\/www.google.com\/intl\/de\/policies\/privacy\/<\/p>\n\n\n\n<p><strong>Datenschutzerkl\u00e4rung f\u00fcr die \u201eGoogle Remarketing\u201c und \u201e\u00c4hnliche Zielgruppen\u201c-Funktion der Google Inc.<\/strong><br>Diese\n Website verwendet die Remarketing- bzw. &#8222;\u00c4hnliche Zielgruppen&#8220;-Funktion\n der Google Inc., 1600 Amphitheatre Parkway, Mountain View, CA 94043, \nUnited States (\u201eGoogle\u201c). Sie k\u00f6nnen so zielgerichtet mit Werbung \nangesprochen werden, indem personalisierte und interessenbezogene \nAnzeigen geschaltet werden, wenn Sie andere Webseiten im sog. \u201eGoogle \nDisplay-Netzwerk\u201c besuchen. \u201eGoogle Remarketing\u201c bzw. die Funktion \n\u201e\u00c4hnliche Zielgruppen\u201c verwendet daf\u00fcr sog. \u201eCookies\u201c, Textdateien, die \nauf Ihrem Computer gespeichert werden und die eine Analyse der Benutzung\n der Website durch Sie erm\u00f6glichen. \u00dcber diese Textdateien werden Ihre \nBesuche sowie anonymisierte Daten \u00fcber die Nutzung der Website erfasst. \nPersonenbezogene Daten werden dabei nicht gespeichert. Besuchen Sie eine\n andere Webseite im sog. \u201eGoogle Display-Netzwerk\u201c werden Ihnen ggf. \nWerbeeinblendungen angezeigt, die mit hoher Wahrscheinlichkeit zuvor auf\n unserer Website aufgerufene Produkt- und Informationsbereiche \nber\u00fccksichtigen.<br>Sie k\u00f6nnen das \u201eGoogle Remarketing\u201c bzw. die \n\u201e\u00c4hnliche Zielgruppen\u201c-Funktion verhindern, indem Sie die Speicherung \nder Cookies durch eine entsprechende Einstellung Ihrer Browser-Software \nunterbinden. Wir weisen Sie jedoch darauf hin, dass Sie in diesem Fall \ngegebenenfalls nicht s\u00e4mtliche Funktionen dieser Website vollumf\u00e4nglich \nwerden nutzen k\u00f6nnen. Sie k\u00f6nnen dar\u00fcber hinaus die Erfassung der durch \ndas Cookie erzeugten und auf Ihre Nutzung der Website bezogenen Daten an\n Google sowie die Verarbeitung dieser Daten durch Google verhindern, \nindem sie das unter dem folgenden Link verf\u00fcgbare Browser-Plugin \nherunterladen und installieren: \nhttps:\/\/www.google.com\/settings\/ads\/plugin?hl=de. Sie k\u00f6nnen zudem die \nVerwendung von Cookies durch Drittanbieter deaktivieren, indem sie die \nDeaktivierungsseite der Netzwerkwerbeinitiative (Network Advertising \nInitiative) unter http:\/\/www.networkadvertising.org\/choices\/ aufrufen \nund die dort genannten weiterf\u00fchrenden Information zum Opt-Out umsetzen.\n Die Datenschutzerkl\u00e4rung von Google zum Remarketing mit weiteren \nInformationen finden Sie hier: http:\/\/www.google.com\/privacy\/ads\/. <br>Datenschutzerkl\u00e4rung f\u00fcr das \u201eGoogle AdWords Conversion-Tracking\u201c von Google Inc.<br>Diese\n Website verwendet die \u201eGoogle AdWords Conversion-Tracking\u201c- Funktion \nder Google Inc., 1600 Amphitheatre Parkway, Mountain View, CA 94043, \nUnited States (\u201eGoogle\u201c). Google AdWords Conversion-Tracking verwendet \nsog. \u201eCookies\u201c, Textdateien, die auf Ihrem Computer gespeichert werden \nund die eine Analyse der Benutzung der Website durch Sie erm\u00f6glichen, \nwenn Sie auf eine Google-Anzeige gekickt haben. Die Cookies sind maximal\n 90 Tagen g\u00fcltig. Personenbezogene Daten werden dabei nicht gespeichert.\n Solange das Cookie g\u00fcltig ist, k\u00f6nnen Google und wir als \nWebseitenbetreiber erkennen, dass Sie eine Anzeige geklickt haben und zu\n einer bestimmten Zielseite (z.B. Bestellbest\u00e4tigungsseite, \nNewsletteranmeldung) gelangt sind. Diese Cookies k\u00f6nnen nicht \u00fcber \nmehrere Websites von verschiedenen AdWords-Teilnehmern nachverfolgt \nwerden k\u00f6nnen. Durch das Cookie werden in \u201eGoogle AdWords\u201c \nConversion-Statistiken erstellt. In diesen Statistiken wird die Anzahl \nder Nutzer, die auf eine unserer Anzeige geklickt haben, erfasst. Zudem \nwird gez\u00e4hlt, wie viele Nutzer zu einer Zielseite, die mit einem \n\u201eConversion-Tag\u201c versehen worden ist, gelangt sind. Die Statistiken \nenthalten jedoch keine Daten, mit denen Sie sich identifizieren lassen.<br>Das\n Speichern von Cookies auf Ihrer Festplatte k\u00f6nnen Sie verhindern, indem\n Sie in Ihren Browser-Einstellungen &#8222;keine Cookies akzeptieren&#8220; w\u00e4hlen \n(Im MS Internet-Explorer unter &#8222;Extras &gt; Internetoptionen &gt; \nDatenschutz &gt; Einstellung&#8220;; im Firefox unter &#8222;Extras &gt; \nEinstellungen &gt; Datenschutz &gt; Cookies&#8220;); wir weisen Sie jedoch \ndarauf hin, dass Sie in diesem Fall gegebenenfalls nicht s\u00e4mtliche \nFunktionen dieser Website voll umf\u00e4nglich nutzen k\u00f6nnen. Durch die \nNutzung dieser Website erkl\u00e4ren Sie sich mit der Bearbeitung der \u00fcber \nSie erhobenen Daten durch Google in der zuvor beschriebenen Art und \nWeise und zu dem zuvor benannten Zweck einverstanden. Weitere \nInformationen dar\u00fcber wie Google Conversion-Daten verwendet sowie die \nDatenschutzerkl\u00e4rung von Google finden Sie unter: \nhttps:\/\/support.google.com\/adwords\/answer\/93148?ctx=tltp, \nhttp:\/\/www.google.de\/policies\/privacy\/<\/p>\n\n\n\n<p><strong>Datenschutzerkl\u00e4rung f\u00fcr die Nutzung von dem Webmessagedienst twitter.com<\/strong><br>Wir\n haben auf unserer Webseite auch den Webmessagedienst twitter.com \nintegriert. Dieser wird durch die Twitter Inc., 1355 Market St, Suite \n900, San Francisco, CA 94103, USA bereitgestellt. Twitter bietet die \nsog. \u201eTweet\u201c \u2013 Funktion an. Damit kann man 140 Zeichen lange Nachrichten\n auch mit Webseitenlinks in seinem eigenen Twitteraccount \nver\u00f6ffentlichen. Wenn Sie die \u201eTweet\u201c-Funktion von Twitter auf unseren \nWebseiten nutzen, wird die jeweilige Webseite mit Ihrem Account auf \nTwitter verkn\u00fcpft und dort ggf. \u00f6ffentlich bekannt gegeben. Hierbei \nwerden auch Daten an Twitter \u00fcbertragen.<br>Von dem Inhalt der \n\u00fcbermittelten Daten und deren Nutzung durch Twitter erhalten wir keine \nKenntnis. Konsultieren Sie daher f\u00fcr weitere Informationen die \nDatenschutzerkl\u00e4rung von Twitter: http:\/\/twitter.com\/privacy<br>Twitter \nbietet Ihnen unter nachfolgendem Link die M\u00f6glichkeit, Ihre \nDatenschutzeinstellungen selbst festzulegen: \nhttp:\/\/twitter.com\/account\/settings.<\/p>\n\n\n\n<p><strong>Datenschutzerkl\u00e4rung f\u00fcr die XING-Empfehlungsfunktion<\/strong><br>Im\n Rahmen der Kommentarfunktion erDiese Webseite verwendet Funktionen der \nXING AG, Dammtorstra\u00dfe 29-32, 20354 Hamburg, Deutschland. Bei jedem \nAufruf unserer Webseite, die mit einer solchen Funktion ausgestattet \nist, veranlasst diese, dass der von Ihnen verwendete Browser eine \nVerbindung zu Servern von XING herstellt. Personenbezogene Daten \u00fcber \nden Aufruf unserer Webseite werden nach unserer Kenntnis dabei nicht \ngespeichert. XING speichert auch keine IP-Adressen und eine Auswertung \ndes Nutzungsverhaltens \u00fcber die Verwendung von Cookies im Zusammenhang \nmit dem \u201cXING Share-Button\u201d findet ebenfalls nicht statt. Weitere \nInformationen zum Datenschutz beim \u201eXING Share-Button\u201c finden Sie unter:\n https:\/\/www.xing.com\/app\/share?op=data_protection<br>Auskunftsrecht<br>Sie\n haben das jederzeitige Recht, sich unentgeltlich und unverz\u00fcglich \u00fcber \ndie zu Ihrer Person erhobenen Daten zu erkundigen. Sie haben das \njederzeitige Recht, Ihre Zustimmung zur Verwendung Ihrer angegeben \npers\u00f6nlichen Daten mit Wirkung f\u00fcr die Zukunft zu widerrufen. Zur \nAuskunftserteilung wenden Sie sich bitte an den Anbieter unter den \nKontaktdaten im Impressum.<br>Quelle: www.juraforum.de<\/p>\n","protected":false},"excerpt":{"rendered":"<p>ImpressumErgoist GmbHUnterstra\u00dfe 1165385 R\u00fcdesheim Telefon: +49 611 1373015 \u2013 0Telefax: +49 611 1373015 \u2013 9 E-Mail: info@ergoist.deVertreten durch: Gesch\u00e4ftsf\u00fchrer Christian Loewe, Kristijan Tomic Registereintrag:Eingetragen im Handelsregister.Registergericht: Amtsgericht WiesbadenRegisternummer: HRB 29483Verantwortlich f\u00fcr den Inhalt (gem. \u00a7 55 Abs. 2 RStV):Christian Loewe c\/o Ergoist GmbHAnschrift: s.o.Bildrechte: IStock, Fotolia, Christian Loewe Hinweis auf EU-StreitschlichtungZur au\u00dfergerichtlichen Beilegung von verbraucherrechtlichen [&hellip;]<\/p>\n","protected":false},"author":1,"featured_media":0,"parent":0,"menu_order":0,"comment_status":"closed","ping_status":"closed","template":"","meta":{"footnotes":""},"class_list":["post-341","page","type-page","status-publish","hentry"],"_links":{"self":[{"href":"https:\/\/ergoist-gmbh.de\/index.php\/wp-json\/wp\/v2\/pages\/341","targetHints":{"allow":["GET"]}}],"collection":[{"href":"https:\/\/ergoist-gmbh.de\/index.php\/wp-json\/wp\/v2\/pages"}],"about":[{"href":"https:\/\/ergoist-gmbh.de\/index.php\/wp-json\/wp\/v2\/types\/page"}],"author":[{"embeddable":true,"href":"https:\/\/ergoist-gmbh.de\/index.php\/wp-json\/wp\/v2\/users\/1"}],"replies":[{"embeddable":true,"href":"https:\/\/ergoist-gmbh.de\/index.php\/wp-json\/wp\/v2\/comments?post=341"}],"version-history":[{"count":4,"href":"https:\/\/ergoist-gmbh.de\/index.php\/wp-json\/wp\/v2\/pages\/341\/revisions"}],"predecessor-version":[{"id":1592,"href":"https:\/\/ergoist-gmbh.de\/index.php\/wp-json\/wp\/v2\/pages\/341\/revisions\/1592"}],"wp:attachment":[{"href":"https:\/\/ergoist-gmbh.de\/index.php\/wp-json\/wp\/v2\/media?parent=341"}],"curies":[{"name":"wp","href":"https:\/\/api.w.org\/{rel}","templated":true}]}}