{"id":350,"date":"2020-01-25T16:36:05","date_gmt":"2020-01-25T16:36:05","guid":{"rendered":"https:\/\/ergoist-gmbh.de\/?page_id=350"},"modified":"2020-01-25T16:36:05","modified_gmt":"2020-01-25T16:36:05","slug":"datenschutz","status":"publish","type":"page","link":"https:\/\/ergoist-gmbh.de\/index.php\/datenschutz\/","title":{"rendered":"Datenschutz"},"content":{"rendered":"\n<p><strong>Datenschutzerkl\u00e4rung<\/strong><br><br>Allgemeiner Hinweis und Pflichtinformationen<br><br><strong>Benennung der verantwortlichen Stelle<\/strong><br>Die verantwortliche Stelle f\u00fcr die Datenverarbeitung auf dieser Website ist:<br><br>Ergoist GmbH<br>Christian Loewe<br>Goebenstra\u00dfe 19<br>65195 Wiesbaden<br><br>Die\n verantwortliche Stelle entscheidet allein oder gemeinsam mit anderen \n\u00fcber die Zwecke und Mittel der Verarbeitung von personenbezogenen Daten \n(z.B. Namen, Kontaktdaten o. \u00c4.).<br><br><strong>Widerruf Ihrer Einwilligung zur Datenverarbeitung<\/strong><br><br>Nur\n mit Ihrer ausdr\u00fccklichen Einwilligung sind einige Vorg\u00e4nge der \nDatenverarbeitung m\u00f6glich. Ein Widerruf Ihrer bereits erteilten \nEinwilligung ist jederzeit m\u00f6glich. F\u00fcr den Widerruf gen\u00fcgt eine \nformlose Mitteilung per E-Mail. Die Rechtm\u00e4\u00dfigkeit der bis zum Widerruf \nerfolgten Datenverarbeitung bleibt vom Widerruf unber\u00fchrt.<br><br><strong>Recht auf Beschwerde bei der zust\u00e4ndigen Aufsichtsbeh\u00f6rde<\/strong><br><br>Als\n Betroffener steht Ihnen im Falle eines datenschutzrechtlichen Versto\u00dfes\n ein Beschwerderecht bei der zust\u00e4ndigen Aufsichtsbeh\u00f6rde zu. Zust\u00e4ndige\n Aufsichtsbeh\u00f6rde bez\u00fcglich datenschutzrechtlicher Fragen ist der \nLandesdatenschutzbeauftragte des Bundeslandes, in dem sich der Sitz \nunseres Unternehmens befindet. Der folgende Link stellt eine Liste der \nDatenschutzbeauftragten sowie deren Kontaktdaten bereit:<a href=\"https:\/\/www.bfdi.bund.de\/DE\/Infothek\/Anschriften_Links\/anschriften_links-node.html\"> https:\/\/www.bfdi.bund.de\/DE\/Infothek\/Anschriften_Links\/anschriften_links-node.html<\/a>.<br><br><strong>Recht auf Daten\u00fcbertragbarkeit<\/strong><br><br>Ihnen\n steht das Recht zu, Daten, die wir auf Grundlage Ihrer Einwilligung \noder in Erf\u00fcllung eines Vertrags automatisiert verarbeiten, an sich oder\n an Dritte aush\u00e4ndigen zu lassen. Die Bereitstellung erfolgt in einem \nmaschinenlesbaren Format. Sofern Sie die direkte \u00dcbertragung der Daten \nan einen anderen Verantwortlichen verlangen, erfolgt dies nur, soweit es\n technisch machbar ist.<br><br><strong>Recht auf Auskunft, Berichtigung, Sperrung, L\u00f6schung<\/strong><br><br>Sie\n haben jederzeit im Rahmen der geltenden gesetzlichen Bestimmungen das \nRecht auf unentgeltliche Auskunft \u00fcber Ihre gespeicherten \npersonenbezogenen Daten, Herkunft der Daten, deren Empf\u00e4nger und den \nZweck der Datenverarbeitung und ggf. ein Recht auf Berichtigung, \nSperrung oder L\u00f6schung dieser Daten. Diesbez\u00fcglich und auch zu weiteren \nFragen zum Thema personenbezogene Daten k\u00f6nnen Sie sich jederzeit \u00fcber \ndie im Impressum aufgef\u00fchrten Kontaktm\u00f6glichkeiten an uns wenden.<br><br><strong>SSL- bzw. TLS-Verschl\u00fcsselung<\/strong><br><br>Aus\n Sicherheitsgr\u00fcnden und zum Schutz der \u00dcbertragung vertraulicher \nInhalte, die Sie an uns als Seitenbetreiber senden, nutzt unsere Website\n eine SSL-bzw. TLS-Verschl\u00fcsselung. Damit sind Daten, die Sie \u00fcber diese\n Website \u00fcbermitteln, f\u00fcr Dritte nicht mitlesbar. Sie erkennen eine \nverschl\u00fcsselte Verbindung an der \u201ehttps:\/\/\u201c Adresszeile Ihres Browsers \nund am Schloss-Symbol in der Browserzeile.<br><br><strong>Server-Log-Dateien<\/strong><br><br>In\n Server-Log-Dateien erhebt und speichert der Provider der Website \nautomatisch Informationen, die Ihr Browser automatisch an uns \n\u00fcbermittelt. Dies sind:<br><br>&nbsp;&nbsp;&nbsp; Browsertyp und Browserversion<br>&nbsp;&nbsp;&nbsp; Verwendetes Betriebssystem<br>&nbsp;&nbsp;&nbsp; Referrer URL<br>&nbsp;&nbsp;&nbsp; Hostname des zugreifenden Rechners<br>&nbsp;&nbsp;&nbsp; Uhrzeit der Serveranfrage<br>&nbsp;&nbsp;&nbsp; IP-Adresse<br><br>Es\n findet keine Zusammenf\u00fchrung dieser Daten mit anderen Datenquellen \nstatt. Grundlage der Datenverarbeitung bildet Art. 6 Abs. 1 lit. b \nDSGVO, der die Verarbeitung von Daten zur Erf\u00fcllung eines Vertrags oder \nvorvertraglicher Ma\u00dfnahmen gestattet.<br><br><strong>Daten\u00fcbermittlung bei Vertragsschluss f\u00fcr Warenkauf und Warenversand<\/strong><br><br>Personenbezogene\n Daten werden nur an Dritte nur \u00fcbermittelt, sofern eine Notwendigkeit \nim Rahmen der Vertragsabwicklung besteht. Dritte k\u00f6nnen beispielsweise \nBezahldienstleister oder Logistikunternehmen sein. Eine weitergehende \n\u00dcbermittlung der Daten findet nicht statt bzw. nur dann, wenn Sie dieser\n ausdr\u00fccklich zugestimmt haben.<br><br>Grundlage f\u00fcr die \nDatenverarbeitung ist Art. 6 Abs. 1 lit. b DSGVO, der die Verarbeitung \nvon Daten zur Erf\u00fcllung eines Vertrags oder vorvertraglicher Ma\u00dfnahmen \ngestattet.<br><br><strong>Registrierung auf dieser Website<\/strong><br><br>Zur\n Nutzung bestimmter Funktionen k\u00f6nnen Sie sich auf unserer Website \nregistrieren. Die \u00fcbermittelten Daten dienen ausschlie\u00dflich zum Zwecke \nder Nutzung des jeweiligen Angebotes oder Dienstes. Bei der \nRegistrierung abgefragte Pflichtangaben sind vollst\u00e4ndig anzugeben. \nAndernfalls werden wir die Registrierung ablehnen.<br><br>Im Falle \nwichtiger \u00c4nderungen, etwa aus technischen Gr\u00fcnden, informieren wir Sie \nper E-Mail. Die E-Mail wird an die Adresse versendet, die bei der \nRegistrierung angegeben wurde.<br><br>Die Verarbeitung der bei der \nRegistrierung eingegebenen Daten erfolgt auf Grundlage Ihrer \nEinwilligung (Art. 6 Abs. 1 lit. a DSGVO). Ein Widerruf Ihrer bereits \nerteilten Einwilligung ist jederzeit m\u00f6glich. F\u00fcr den Widerruf gen\u00fcgt \neine formlose Mitteilung per E-Mail. Die Rechtm\u00e4\u00dfigkeit der bereits \nerfolgten Datenverarbeitung bleibt vom Widerruf unber\u00fchrt.<br><br>Wir \nspeichern die bei der Registrierung erfassten Daten w\u00e4hrend des \nZeitraums, den Sie auf unserer Website registriert sind. Ihren Daten \nwerden gel\u00f6scht, sollten Sie Ihre Registrierung aufheben. Gesetzliche \nAufbewahrungsfristen bleiben unber\u00fchrt.<br><br><strong>Kontaktformular<\/strong><br><br>Per\n Kontaktformular \u00fcbermittelte Daten werden einschlie\u00dflich Ihrer \nKontaktdaten gespeichert, um Ihre Anfrage bearbeiten zu k\u00f6nnen oder um \nf\u00fcr Anschlussfragen bereitzustehen. Eine Weitergabe dieser Daten findet \nohne Ihre Einwilligung nicht statt.<br><br>Die Verarbeitung der in das \nKontaktformular eingegebenen Daten erfolgt ausschlie\u00dflich auf Grundlage \nIhrer Einwilligung (Art. 6 Abs. 1 lit. a DSGVO). Ein Widerruf Ihrer \nbereits erteilten Einwilligung ist jederzeit m\u00f6glich. F\u00fcr den Widerruf \ngen\u00fcgt eine formlose Mitteilung per E-Mail. Die Rechtm\u00e4\u00dfigkeit der bis \nzum Widerruf erfolgten Datenverarbeitungsvorg\u00e4nge bleibt vom Widerruf \nunber\u00fchrt.<br><br>\u00dcber das Kontaktformular \u00fcbermittelte Daten verbleiben\n bei uns, bis Sie uns zur L\u00f6schung auffordern, Ihre Einwilligung zur \nSpeicherung widerrufen oder keine Notwendigkeit der Datenspeicherung \nmehr besteht. Zwingende gesetzliche Bestimmungen &#8211; insbesondere \nAufbewahrungsfristen &#8211; bleiben unber\u00fchrt.<br><br><strong>Speicherdauer von Beitr\u00e4gen und Kommentaren<\/strong><br><br>Beitr\u00e4ge\n und Kommentare sowie damit in Verbindung stehende Daten, wie \nbeispielsweise IP-Adressen, werden gespeichert. Der Inhalt verbleibt auf\n unserer Website, bis er vollst\u00e4ndig gel\u00f6scht wurde oder aus rechtlichen\n Gr\u00fcnden gel\u00f6scht werden musste.<br><br>Die Speicherung der Beitr\u00e4ge und\n Kommentare erfolgt auf Grundlage Ihrer Einwilligung (Art. 6 Abs. 1 lit.\n a DSGVO). Ein Widerruf Ihrer bereits erteilten Einwilligung ist \njederzeit m\u00f6glich. F\u00fcr den Widerruf gen\u00fcgt eine formlose Mitteilung per \nE-Mail. Die Rechtm\u00e4\u00dfigkeit bereits erfolgter Datenverarbeitungsvorg\u00e4nge \nbleibt vom Widerruf unber\u00fchrt.<br><br><strong>Newsletter-Daten<\/strong><br><br>Zum\n Versenden unseres Newsletters ben\u00f6tigen wir von Ihnen eine \nE-Mail-Adresse. Eine Verifizierung der angegebenen E-Mail-Adresse ist \nnotwendig und der Empfang des Newsletters ist einzuwilligen. Erg\u00e4nzende \nDaten werden nicht erhoben oder sind freiwillig. Die Verwendung der \nDaten erfolgt ausschlie\u00dflich f\u00fcr den Versand des Newsletters.<br><br>Die\n bei der Newsletteranmeldung gemachten Daten werden ausschlie\u00dflich auf \nGrundlage Ihrer Einwilligung (Art. 6 Abs. 1 lit. a DSGVO) verarbeitet. \nEin Widerruf Ihrer bereits erteilten Einwilligung ist jederzeit m\u00f6glich.\n F\u00fcr den Widerruf gen\u00fcgt eine formlose Mitteilung per E-Mail oder Sie \nmelden sich \u00fcber den &#8222;Austragen&#8220;-Link im Newsletter ab. Die \nRechtm\u00e4\u00dfigkeit der bereits erfolgten Datenverarbeitungsvorg\u00e4nge bleibt \nvom Widerruf unber\u00fchrt.<br><br>Zur Einrichtung des Abonnements \neingegebene Daten werden im Falle der Abmeldung gel\u00f6scht. Sollten diese \nDaten f\u00fcr andere Zwecke und an anderer Stelle an uns \u00fcbermittelt worden \nsein, verbleiben diese weiterhin bei uns.<br><br><strong>YouTube<\/strong><br><br>F\u00fcr\n Integration und Darstellung von Videoinhalten nutzt unsere Website \nPlugins von YouTube. Anbieter des Videoportals ist die YouTube, LLC, 901\n Cherry Ave., San Bruno, CA 94066, USA.<br><br>Bei Aufruf einer Seite \nmit integriertem YouTube-Plugin wird eine Verbindung zu den Servern von \nYouTube hergestellt. YouTube erf\u00e4hrt hierdurch, welche unserer Seiten \nSie aufgerufen haben.<br><br>YouTube kann Ihr Surfverhalten direkt Ihrem\n pers\u00f6nlichen Profil zuzuordnen, sollten Sie in Ihrem YouTube Konto \neingeloggt sein. Durch vorheriges Ausloggen haben Sie die M\u00f6glichkeit, \ndies zu unterbinden.<br><br>Die Nutzung von YouTube erfolgt im Interesse\n einer ansprechenden Darstellung unserer Online-Angebote. Dies stellt \nein berechtigtes Interesse im Sinne von Art. 6 Abs. 1 lit. f DSGVO dar.<br><br>Einzelheiten zum Umgang mit Nutzerdaten finden Sie in der Datenschutzerkl\u00e4rung von YouTube unter: <a href=\"https:\/\/www.google.de\/intl\/de\/policies\/privacy\">https:\/\/www.google.de\/intl\/de\/policies\/privacy<\/a>.<br><br><strong>Cookies<\/strong><br><br>Unsere\n Website verwendet Cookies. Das sind kleine Textdateien, die Ihr \nWebbrowser auf Ihrem Endger\u00e4t speichert. Cookies helfen uns dabei, unser\n Angebot nutzerfreundlicher, effektiver und sicherer zu machen.<br><br>Einige\n Cookies sind \u201cSession-Cookies.\u201d Solche Cookies werden nach Ende Ihrer \nBrowser-Sitzung von selbst gel\u00f6scht. Hingegen bleiben andere Cookies auf\n Ihrem Endger\u00e4t bestehen, bis Sie diese selbst l\u00f6schen. Solche Cookies \nhelfen uns, Sie bei R\u00fcckkehr auf unserer Website wiederzuerkennen.<br><br>Mit\n einem modernen Webbrowser k\u00f6nnen Sie das Setzen von Cookies \u00fcberwachen,\n einschr\u00e4nken oder unterbinden. Viele Webbrowser lassen sich so \nkonfigurieren, dass Cookies mit dem Schlie\u00dfen des Programms von selbst \ngel\u00f6scht werden. Die Deaktivierung von Cookies kann eine eingeschr\u00e4nkte \nFunktionalit\u00e4t unserer Website zur Folge haben.<br><br>Das Setzen von \nCookies, die zur Aus\u00fcbung elektronischer Kommunikationsvorg\u00e4nge oder der\n Bereitstellung bestimmter, von Ihnen erw\u00fcnschter Funktionen (z.B. \nWarenkorb) notwendig sind, erfolgt auf Grundlage von Art. 6 Abs. 1 lit. f\n DSGVO. Als Betreiber dieser Website haben wir ein berechtigtes \nInteresse an der Speicherung von Cookies zur technisch fehlerfreien und \nreibungslosen Bereitstellung unserer Dienste. Sofern die Setzung anderer\n Cookies (z.B. f\u00fcr Analyse-Funktionen) erfolgt, werden diese in dieser \nDatenschutzerkl\u00e4rung separat behandelt.<br><br><strong>Google Analytics<\/strong><br><br>Unsere\n Website verwendet Funktionen des Webanalysedienstes Google Analytics. \nAnbieter des Webanalysedienstes ist die Google Inc., 1600 Amphitheatre \nParkway, Mountain View, CA 94043, USA.<br><br>Google Analytics verwendet\n &#8222;Cookies.&#8220; Das sind kleine Textdateien, die Ihr Webbrowser auf Ihrem \nEndger\u00e4t speichert und eine Analyse der Website-Benutzung erm\u00f6glichen. \nMittels Cookie erzeugte Informationen \u00fcber Ihre Benutzung unserer \nWebsite werden an einen Server von Google \u00fcbermittelt und dort \ngespeichert. Server-Standort ist im Regelfall die USA.<br><br>Das Setzen\n von Google-Analytics-Cookies erfolgt auf Grundlage von Art. 6 Abs. 1 \nlit. f DSGVO. Als Betreiber dieser Website haben wir&nbsp; ein berechtigtes \nInteresse an der Analyse des Nutzerverhaltens, um unser Webangebot und \nggf. auch Werbung zu optimieren.<br><br>IP-Anonymisierung<br><br>Wir \nsetzen Google Analytics in Verbindung mit der Funktion IP-Anonymisierung\n ein. Sie gew\u00e4hrleistet, dass Google Ihre IP-Adresse innerhalb von \nMitgliedstaaten der Europ\u00e4ischen Union oder in anderen Vertragsstaaten \ndes Abkommens \u00fcber den Europ\u00e4ischen Wirtschaftsraum vor der \u00dcbermittlung\n in die USA k\u00fcrzt. Es kann Ausnahmef\u00e4lle geben, in denen Google die \nvolle IP-Adresse an einen Server in den USA \u00fcbertr\u00e4gt und dort k\u00fcrzt. In\n unserem Auftrag wird Google diese Informationen benutzen, um Ihre \nNutzung der Website auszuwerten, um Reports \u00fcber Websiteaktivit\u00e4ten zu \nerstellen und um weitere mit der Websitenutzung und der Internetnutzung \nverbundene Dienstleistungen gegen\u00fcber uns zu erbringen. Es findet keine \nZusammenf\u00fchrung der von Google Analytics \u00fcbermittelten IP-Adresse mit \nanderen Daten von Google statt.<br><br>Browser Plugin<br><br>Das Setzen \nvon Cookies durch Ihren Webbrowser ist verhinderbar. Einige Funktionen \nunserer Website k\u00f6nnten dadurch jedoch eingeschr\u00e4nkt werden. Ebenso \nk\u00f6nnen Sie die Erfassung von Daten bez\u00fcglich Ihrer Website-Nutzung \neinschlie\u00dflich Ihrer IP-Adresse mitsamt anschlie\u00dfender Verarbeitung \ndurch Google unterbinden. Dies ist m\u00f6glich, indem Sie das \u00fcber folgenden\n Link erreichbare Browser-Plugin herunterladen und installieren: <a href=\"https:\/\/tools.google.com\/dlpage\/gaoptout?hl=de\">https:\/\/tools.google.com\/dlpage\/gaoptout?hl=de<\/a>.<br><br>Widerspruch gegen die Datenerfassung<br><br>Sie\n k\u00f6nnen die Erfassung Ihrer Daten durch Google Analytics verhindern, \nindem Sie auf folgenden Link klicken. Es wird ein Opt-Out-Cookie \ngesetzt, der die Erfassung Ihrer Daten bei zuk\u00fcnftigen Besuchen unserer \nWebsite verhindert: Google Analytics deaktivieren.<br><br>Einzelheiten zum Umgang mit Nutzerdaten bei Google Analytics finden Sie in der Datenschutzerkl\u00e4rung von Google: <a href=\"https:\/\/support.google.com\/analytics\/answer\/6004245?hl=de\">https:\/\/support.google.com\/analytics\/answer\/6004245?hl=de<\/a>.<br><br>Auftragsverarbeitung<br><br>Zur\n vollst\u00e4ndigen Erf\u00fcllung der gesetzlichen Datenschutzvorgaben haben wir \nmit Google einen Vertrag \u00fcber die Auftragsverarbeitung abgeschlossen.<br><br>Demografische Merkmale bei Google Analytics<br><br>Unsere\n Website verwendet die Funktion \u201cdemografische Merkmale\u201d von Google \nAnalytics. Mit ihr lassen sich Berichte erstellen, die Aussagen zu \nAlter, Geschlecht und Interessen der Seitenbesucher enthalten. Diese \nDaten stammen aus interessenbezogener Werbung von Google sowie aus \nBesucherdaten von Drittanbietern. Eine Zuordnung der Daten zu einer \nbestimmten Person ist nicht m\u00f6glich. Sie k\u00f6nnen diese Funktion jederzeit\n deaktivieren. Dies ist \u00fcber die Anzeigeneinstellungen in Ihrem \nGoogle-Konto m\u00f6glich oder indem Sie die Erfassung Ihrer Daten durch \nGoogle Analytics, wie im Punkt \u201cWiderspruch gegen die Datenerfassung\u201d \nerl\u00e4utert, generell untersagen.<br><br><strong>PayPal<\/strong><br><br>Unsere\n Website erm\u00f6glicht die Bezahlung via PayPal. Anbieter des \nBezahldienstes ist die PayPal (Europe) S.\u00e0.r.l. et Cie, S.C.A., 22-24 \nBoulevard Royal, L-2449 Luxembourg.<br><br>Wenn Sie mit PayPal bezahlen, erfolgt eine \u00dcbermittlung der von Ihnen eingegebenen Zahlungsdaten an PayPal.<br><br>Die\n \u00dcbermittlung Ihrer Daten an PayPal erfolgt auf Grundlage von Art. 6 \nAbs. 1 lit. a DSGVO (Einwilligung) und Art. 6 Abs. 1 lit. b DSGVO \n(Verarbeitung zur Erf\u00fcllung eines Vertrags). Ein Widerruf Ihrer bereits \nerteilten Einwilligung ist jederzeit m\u00f6glich. In der Vergangenheit \nliegende Datenverarbeitungsvorg\u00e4nge bleiben bei einem Widerruf wirksam.<br><br><strong>Klarna<\/strong><br><br>Unsere\n Website erm\u00f6glicht die Bezahlung via Klarna. Anbieter des \nBezahldienstes ist die Klarna AB, Sveav\u00e4gen 46, 111 34 Stockholm, \nSchweden.<br><br>Beim Bezahlen mit Klarna (Klarna-Checkout-L\u00f6sung), \nerhebt Klarna verschiedene personenbezogene Daten von Ihnen. \nEinzelheiten finden Sie in der Datenschutzerkl\u00e4rung von Klarna unter: <a href=\"https:\/\/www.klarna.com\/de\/datenschutz\/\">https:\/\/www.klarna.com\/de\/datenschutz\/<\/a>.<br><br>Klarna\n verwendet Cookies, um damit die Klarna-Checkout-L\u00f6sung zu optimieren. \nDiese Optimierung stellt ein berechtigtes Interesse im Sinne von Art. 6 \nAbs. 1 lit. f DSGVO dar. Cookies sind kleine Textdateien, die Ihr \nWebbrowser auf Ihrem Endger\u00e4t speichert. Cookies von Klarna verbleiben \nauf Ihrem Endger\u00e4t bis Sie eine L\u00f6schung vornehmen. Einzelheiten zum \nEinsatz von Klarna-Cookies finden Sie unter: <a href=\"https:\/\/cdn.klarna.com\/1.0\/shared\/content\/policy\/cookie\/de_de\/checkout.pdf\">https:\/\/cdn.klarna.com\/1.0\/shared\/content\/policy\/cookie\/de_de\/checkout.pdf<\/a>.<br><br>Die\n \u00dcbermittlung Ihrer Daten an Klarna erfolgt auf Grundlage von Art. 6 \nAbs. 1 lit. a DSGVO (Einwilligung) und Art. 6 Abs. 1 lit. b DSGVO \n(Verarbeitung zur Erf\u00fcllung eines Vertrags). Ein Widerruf Ihrer bereits \nerteilten Einwilligung ist jederzeit m\u00f6glich. In der Vergangenheit \nliegende Datenverarbeitungsvorg\u00e4nge bleiben bei einem Widerruf wirksam.<br><br><strong>Sofort\u00fcberweisung<\/strong><br><br>Unsere\n Website erm\u00f6glicht die Bezahlung via \u201cSofort\u00fcberweisung.\u201d Anbieter des \nBezahldienstes ist die Sofort GmbH, Theresienh\u00f6he 12, 80339 M\u00fcnchen.<br><br>Mit\n Hilfe des Verfahrens \u201cSofort\u00fcberweisung\u201d erhalten wir in Echtzeit eine \nZahlungsbest\u00e4tigung von der Sofort GmbH und k\u00f6nnen unverz\u00fcglich mit der \nErf\u00fcllung unserer Verbindlichkeiten beginnen.<br><br>Beim Bezahlen per \n\u201cSofort\u00fcberweisung\u201d erfolgt eine \u00dcbermittlung Ihrer PIN und TAN an die \nSofort GmbH. Der Bezahlanbieter loggt sich damit in Ihr \nOnline-Banking-Konto ein, \u00fcberpr\u00fcft automatisch Ihren Kontostand und \nnimmt die \u00dcberweisung vor. Es folgt eine unverz\u00fcgliche \nTransaktionsbest\u00e4tigung. Ihre Ums\u00e4tze, der Kreditrahmen Ihres \nDispokredits und die Existenz anderer Konten sowie deren Best\u00e4nde werden\n nach dem Einloggen ebenfalls automatisiert gepr\u00fcft.<br><br>Neben PIN \nund TAN umfasst die \u00dcbermittlung an die Sofort GmbH au\u00dferdem \nZahlungsdaten sowie Daten zu Ihrer Person. Die Daten zu Ihrer Person \numfassen Vor- und Nachname, Adresse, Telefonnummer(n), Email-Adresse, \nIP-Adresse und ggf. weitere f\u00fcr die Zahlungsabwicklung notwendige Daten.\n Es besteht eine Notwendigkeit dieser Daten\u00fcbermittlung, um Ihre \nIdentit\u00e4t zweifelsfrei zu festzustellen und Betrugsversuchen \nvorzubeugen.<br><br>Die \u00dcbermittlung Ihrer Daten an die Sofort GmbH \nerfolgt auf Grundlage von Art. 6 Abs. 1 lit. a DSGVO (Einwilligung) und \nArt. 6 Abs. 1 lit. b DSGVO (Verarbeitung zur Erf\u00fcllung eines Vertrags). \nEin Widerruf Ihrer bereits erteilten Einwilligung ist jederzeit m\u00f6glich.\n In der Vergangenheit liegende Datenverarbeitungsvorg\u00e4nge bleiben bei \neinem Widerruf wirksam.<br><br>Einzelheiten zur Zahlung mit Sofort\u00fcberweisung finden Sie unter: <a href=\"https:\/\/www.sofort.de\/datenschutz.html\">https:\/\/www.sofort.de\/datenschutz.html<\/a> und <a href=\"https:\/\/www.klarna.com\/sofort\/\">https:\/\/www.klarna.com\/sofort\/<\/a>.<br><br><strong>XING Plugin<\/strong><br><br>Unsere\n Website verwendet Funktionen des Netzwerks XING. Anbieter ist die XING \nAG, Dammtorstra\u00dfe 29-32, 20354 Hamburg, Deutschland.<br><br>Bei Aufruf \neiner Seite mit integrierten Xing-Funktionen wird eine Verbindung zu den\n Servern von Xing hergestellt. Eine Speicherung personenbezogener Daten \nerfolgt dabei nach unserem Kenntnisstand nicht. IP-Adressen werden nicht\n gespeichert, ebenso erfolgt keine Auswertung des Nutzungsverhaltens.<br><br>Einzelheiten zum Datenschutz und dem XING Share-Button finden Sie in der Datenschutzerkl\u00e4rung von XING unter: <a href=\"https:\/\/www.xing.com\/app\/share?op=data_protection\">https:\/\/www.xing.com\/app\/share?op=data_protection<\/a>.<br><br><strong>Twitter Plugin<\/strong><br><br>Unsere\n Website vewendet Funktionen des Dienstes Twitter. Anbieter ist die \nTwitter Inc., 1355 Market Street, Suite 900, San Francisco, CA 94103, \nUSA.<br><br>Bei Nutzung von Twitter und der Funktion &#8222;Re-Tweet&#8220; werden \nvon Ihnen besuchte Websites mit Ihrem Twitter-Account verkn\u00fcpft und in \nIhrem Twitter-Feed ver\u00f6ffentlicht. Dabei erfolgt eine \u00dcbermittlung von \nDaten an Twitter. \u00dcber den Inhalt der \u00fcbermittelten Daten sowie die \nNutzung dieser Daten durch Twitter haben wir keine Kenntnis. \nEinzelheiten finden Sie in der Datenschutzerkl\u00e4rung von Twitter: <a href=\"https:\/\/twitter.com\/privacy\">https:\/\/twitter.com\/privacy<\/a>.<br><br>Sie k\u00f6nnen Ihre Datenschutzeinstellungen bei Twitter \u00e4ndern: <a href=\"https:\/\/twitter.com\/account\/settings\">https:\/\/twitter.com\/account\/settings<\/a><br><br><strong>Pinterest Plugin<\/strong><br><br>Unserer\n Website verwendet Funktionen des sozialen Netzwerkes Pinterest. \nAnbieter ist die Pinterest Inc., 808 Brannan Street, San Francisco, CA \n94103-490, USA.<br><br>Bei Aufruf einer Seite mit Funktionen von \nPinterest, stellt Ihr Browser eine direkte Verbindung zu den \nPinterest-Servern her. Es werden Protokolldaten an die Server von \nPinterest \u00fcbermittelt. Standort der Server sind die USA. Die \nProtokolldaten k\u00f6nnen m\u00f6glicherweise R\u00fcckschl\u00fcsse auf Ihre IP-Adresse, \nbesuchte Websites, Art und Einstellungen des Browsers, Datum und \nZeitpunkt der Anfrage, Ihre Verwendungsweise von Pinterest sowie Cookies\n zulassen.<br><br>Einzelheiten hierzu finden Sie in den Datenschutzhinweisen von Pinterest: <a href=\"https:\/\/about.pinterest.com\/de\/privacy-policy\">https:\/\/about.pinterest.com\/de\/privacy-policy<\/a>.<br><br><strong>Google AdWords und Google Conversion-Tracking<\/strong><br><br>Unsere\n Website verwendet Google AdWords. Anbieter ist die Google Inc., 1600 \nAmphitheatre Parkway, Mountain View, CA 94043, United States.<br><br>AdWords\n ist ein Online-Werbeprogramm. Im Rahmen des Online-Werbeprogramms \narbeiten wir mit Conversion-Tracking. Nach einem Klick auf eine von \nGoogle geschaltete Anzeige wird ein Cookie f\u00fcr das Conversion-Tracking \ngesetzt. Cookies sind kleine Textdateien, die Ihr Webbrowser auf Ihrem \nEndger\u00e4t speichert. Google AdWords Cookies verlieren nach 30 Tagen ihre \nG\u00fcltigkeit und dienen nicht der pers\u00f6nlichen Identifizierung der Nutzer.\n Am Cookie k\u00f6nnen Google und wir erkennen, dass Sie auf eine Anzeige \ngeklickt haben und zu unserer Website weitergeleitet wurden.<br><br>Jeder\n Google AdWords-Kunde erh\u00e4lt ein anderes Cookie. Die Cookies sind nicht \n\u00fcber Websites von AdWords-Kunden nachverfolgbar. Mit Conversion-Cookies \nwerden Conversion-Statistiken f\u00fcr AdWords-Kunden, die \nConversion-Tracking einsetzen, erstellt. Adwords-Kunden erfahren wie \nviele Nutzer auf ihre Anzeige geklickt haben und auf Seiten mit \nConversion-Tracking-Tag weitergeleitet wurden. AdWords-Kunden erhalten \njedoch keine Informationen, die eine pers\u00f6nliche Identifikation der \nNutzer erm\u00f6glichen. Wenn Sie nicht am Tracking teilnehmen m\u00f6chten, \nk\u00f6nnen Sie einer Nutzung widersprechen. Hier ist das Conversion-Cookie \nin den Nutzereinstellungen des Browsers zu deaktivieren. So findet auch \nkeine Aufnahme in die Conversion-Tracking Statistiken statt.<br><br>Die \nSpeicherung von \u201cConversion-Cookies\u201d erfolgt auf Grundlage von Art. 6 \nAbs. 1 lit. f DSGVO. Wir als Websitebetreiber haben ein berechtigtes \nInteresse an der Analyse des Nutzerverhaltens, um unser Webangebot und \nunsere Werbung zu optimieren.<br><br>Einzelheiten zu Google AdWords und Google Conversion-Tracking finden Sie in den Datenschutzbestimmungen von Google: <a href=\"https:\/\/www.google.de\/policies\/privacy\/\">https:\/\/www.google.de\/policies\/privacy\/<\/a>.<br><br>Mit\n einem modernen Webbrowser k\u00f6nnen Sie das Setzen von Cookies \u00fcberwachen,\n einschr\u00e4nken oder unterbinden. Die Deaktivierung von Cookies kann eine \neingeschr\u00e4nkte Funktionalit\u00e4t unserer Website zur Folge haben.<br><br>Quelle: Datenschutz-Konfigurator von <a href=\"https:\/\/ergoist.de\/mein-datenschutzbeauftragter.de\">mein-datenschutzbeauftragter.de<\/a><\/p>\n","protected":false},"excerpt":{"rendered":"<p>Datenschutzerkl\u00e4rung Allgemeiner Hinweis und Pflichtinformationen Benennung der verantwortlichen StelleDie verantwortliche Stelle f\u00fcr die Datenverarbeitung auf dieser Website ist: Ergoist GmbHChristian LoeweGoebenstra\u00dfe 1965195 Wiesbaden Die verantwortliche Stelle entscheidet allein oder gemeinsam mit anderen \u00fcber die Zwecke und Mittel der Verarbeitung von personenbezogenen Daten (z.B. Namen, Kontaktdaten o. \u00c4.). Widerruf Ihrer Einwilligung zur Datenverarbeitung Nur mit Ihrer [&hellip;]<\/p>\n","protected":false},"author":1,"featured_media":0,"parent":0,"menu_order":0,"comment_status":"closed","ping_status":"closed","template":"","meta":{"footnotes":""},"class_list":["post-350","page","type-page","status-publish","hentry"],"_links":{"self":[{"href":"https:\/\/ergoist-gmbh.de\/index.php\/wp-json\/wp\/v2\/pages\/350","targetHints":{"allow":["GET"]}}],"collection":[{"href":"https:\/\/ergoist-gmbh.de\/index.php\/wp-json\/wp\/v2\/pages"}],"about":[{"href":"https:\/\/ergoist-gmbh.de\/index.php\/wp-json\/wp\/v2\/types\/page"}],"author":[{"embeddable":true,"href":"https:\/\/ergoist-gmbh.de\/index.php\/wp-json\/wp\/v2\/users\/1"}],"replies":[{"embeddable":true,"href":"https:\/\/ergoist-gmbh.de\/index.php\/wp-json\/wp\/v2\/comments?post=350"}],"version-history":[{"count":1,"href":"https:\/\/ergoist-gmbh.de\/index.php\/wp-json\/wp\/v2\/pages\/350\/revisions"}],"predecessor-version":[{"id":351,"href":"https:\/\/ergoist-gmbh.de\/index.php\/wp-json\/wp\/v2\/pages\/350\/revisions\/351"}],"wp:attachment":[{"href":"https:\/\/ergoist-gmbh.de\/index.php\/wp-json\/wp\/v2\/media?parent=350"}],"curies":[{"name":"wp","href":"https:\/\/api.w.org\/{rel}","templated":true}]}}