{"id":52,"date":"2020-01-25T11:08:53","date_gmt":"2020-01-25T11:08:53","guid":{"rendered":"https:\/\/ergoist-gmbh.de\/index.php\/colibri-wp\/"},"modified":"2021-04-06T09:39:20","modified_gmt":"2021-04-06T09:39:20","slug":"colibri-wp","status":"publish","type":"page","link":"https:\/\/ergoist-gmbh.de\/","title":{"rendered":"Front Page"},"content":{"rendered":"<div data-colibri-id=\"52-c1\" class=\"style-173 style-local-52-c1 position-relative\">\n  <!---->\n  <div data-colibri-component=\"section\" data-colibri-id=\"52-c2\" id=\"about\" class=\"h-section h-section-global-spacing d-flex align-items-lg-center align-items-md-center align-items-center style-664 style-local-52-c2 position-relative\">\n    <!---->\n    <!---->\n    <div class=\"h-section-grid-container h-section-boxed-container\">\n      <!---->\n      <div data-colibri-id=\"52-c3\" class=\"h-row-container gutters-row-lg-2 gutters-row-md-2 gutters-row-0 gutters-row-v-lg-2 gutters-row-v-md-2 gutters-row-v-2 style-665 style-local-52-c3 position-relative\">\n        <!---->\n        <div class=\"h-row justify-content-lg-center justify-content-md-center justify-content-center align-items-lg-stretch align-items-md-stretch align-items-stretch gutters-col-lg-2 gutters-col-md-2 gutters-col-0 gutters-col-v-lg-2 gutters-col-v-md-2 gutters-col-v-2\">\n          <!---->\n          <div class=\"h-column h-column-container d-flex h-col-lg-auto h-col-md-auto h-col-auto style-666-outer style-local-52-c4-outer\">\n            <div data-colibri-id=\"52-c4\" class=\"d-flex h-flex-basis h-column__inner h-px-lg-2 h-px-md-2 h-px-2 v-inner-lg-2 v-inner-md-2 v-inner-2 style-666 style-local-52-c4 position-relative\">\n              <!---->\n              <!---->\n              <div class=\"w-100 h-y-container h-column__content h-column__v-align flex-basis-100 align-self-lg-center align-self-md-center align-self-center\">\n                <!---->\n                <div data-colibri-id=\"52-c5\" class=\"h-global-transition-all h-heading style-667 style-local-52-c5 position-relative h-element\">\n                  <!---->\n                  <!---->\n                  <h2 class=\"\">Marketing, Prozessoptimierung &amp; Digitalisierung. Wir helfen, neue Wege zu finden.<\/h2>\n                <\/div>\n                <div data-colibri-id=\"52-c6\" class=\"h-lead h-text h-text-component style-668 style-local-52-c6 position-relative h-element\">\n                  <!---->\n                  <!---->\n                  <div class=\"\">\n                    <p>Die Welt wird immer komplexer. Ihr Gesch\u00e4ft auch.<\/p>\n                  <\/div>\n                <\/div>\n                <div data-colibri-id=\"52-c7\" class=\"h-text h-text-component style-669 style-local-52-c7 position-relative h-element\">\n                  <!---->\n                  <!---->\n                  <div class=\"\">\n                    <p>Gerade kleine und mittelst\u00e4ndische Unternehmen sind oft mit ihrem &#8222;daily business&#8220; ausgelastet und tun sich schwer, Resourcen f\u00fcr strategische Aufgaben zu aktivieren. Ein Blick von au\u00dfen, ohne Betriebsblindheit und Termindruck, hilft,\n                      neue Wege und L\u00f6sungen zu finden.<\/p>\n                    <p>Digitales begleitet uns jeden Tag. Ob Webseiten, Smartphone-Apps,&nbsp;Softwareprogramme oder Internet-Shops. Gerade in dieser neuen digitalen Welt sind die Anforderungen und M\u00f6glichkeiten schier unbegrenzt. Wir helfen, unangenehme\n                      Aufgaben vom Tisch zu bekommen und die passenden Angebote f\u00fcr Sie zu realisieren.<\/p>\n                  <\/div>\n                <\/div>\n                <div data-colibri-id=\"52-c8\" class=\"h-x-container style-670 style-local-52-c8 position-relative h-element\">\n                  <!---->\n                  <div class=\"h-x-container-inner style-dynamic-52-c8-group style-670-spacing style-local-52-c8-spacing\"><span class=\"h-button__outer style-671-outer style-local-52-c9-outer d-inline-flex h-element\"><a h-use-smooth-scroll=\"true\" href=\"https:\/\/ergoist-gmbh.de\/index.php\/kontakt\/\"  data-colibri-id=\"52-c9\" class=\"d-flex w-100 align-items-center h-button justify-content-lg-center justify-content-md-center justify-content-center style-671 style-local-52-c9 position-relative\"><!----><!----> <span>Jetzt Kontakt aufnehmen<\/span><\/a>\n                    <\/span>\n                  <\/div>\n                <\/div>\n              <\/div>\n            <\/div>\n          <\/div>\n          <div class=\"h-column h-column-container d-flex h-col-lg-auto h-col-md-auto h-col-auto style-672-outer style-local-52-c10-outer\">\n            <div data-colibri-id=\"52-c10\" class=\"d-flex h-flex-basis h-column__inner h-px-lg-2 h-px-md-2 h-px-2 v-inner-lg-2 v-inner-md-2 v-inner-2 style-672 style-local-52-c10 position-relative\">\n              <!---->\n              <!---->\n              <div class=\"w-100 h-y-container h-column__content h-column__v-align flex-basis-100 align-self-lg-start align-self-md-start align-self-start\">\n                <!---->\n                <div data-colibri-id=\"52-c11\" class=\"h-multiple-image style-673 style-local-52-c11 position-relative h-element\">\n                  <!---->\n                  <div class=\"position-relative\">\n                    <div class=\"h-multiple-image-inside-container\">\n                      <div class=\"ratio-inner\">\n                        <div data-colibri-id=\"52-c12\" class=\"d-block style-674 style-local-52-c12 position-relative h-element\">\n                          <!---->\n                          <div class=\"h-image__frame-container-outer\">\n                            <div class=\"h-image__frame-container\">\n                              <!---->\n                              <!---->\n                              <img decoding=\"async\" src=\"http:\/\/ergoist-gmbh.de\/wp-content\/uploads\/2020\/02\/cropped-cropped-neue-wege-3-1.jpg\" class=\"style-673-images style-local-52-c11-images style-674-image style-local-52-c12-image\">\n                              <div class=\"h-image__frame h-hide-lg h-hide-md h-hide-sm style-674-frameImage style-local-52-c12-frameImage\"><\/div>\n                            <\/div>\n                          <\/div>\n                        <\/div>\n                        <div data-colibri-id=\"52-c13\" class=\"d-block style-675 style-local-52-c13 position-relative h-element\">\n                          <!---->\n                          <div class=\"h-image__frame-container-outer\">\n                            <div class=\"h-image__frame-container\">\n                              <!---->\n                              <!---->\n                              <img decoding=\"async\" src=\"http:\/\/ergoist-gmbh.de\/wp-content\/uploads\/2020\/02\/cropped-cropped-neue-wege-1.jpg\" class=\"style-673-images style-local-52-c11-images style-675-image style-local-52-c13-image\">\n                              <div class=\"h-image__frame h-hide-lg h-hide-md h-hide-sm style-675-frameImage style-local-52-c13-frameImage\"><\/div>\n                            <\/div>\n                          <\/div>\n                        <\/div>\n                        <div data-colibri-id=\"52-c14\" class=\"d-block style-676 style-local-52-c14 position-relative h-element\">\n                          <!---->\n                          <div class=\"h-image__frame-container-outer\">\n                            <div class=\"h-image__frame-container\">\n                              <!---->\n                              <!---->\n                              <img decoding=\"async\" src=\"http:\/\/ergoist-gmbh.de\/wp-content\/uploads\/2020\/02\/cropped-cropped-neue-wege-2.jpg\" class=\"style-673-images style-local-52-c11-images style-676-image style-local-52-c14-image\">\n                              <div class=\"h-image__frame h-hide-lg h-hide-md h-hide-sm style-676-frameImage style-local-52-c14-frameImage\"><\/div>\n                            <\/div>\n                          <\/div>\n                        <\/div>\n                      <\/div>\n                    <\/div>\n                  <\/div>\n                <\/div>\n              <\/div>\n            <\/div>\n          <\/div>\n        <\/div>\n      <\/div>\n    <\/div>\n  <\/div>\n<\/div>","protected":false},"excerpt":{"rendered":"<p>Marketing, Prozessoptimierung &amp; Digitalisierung. Wir helfen, neue Wege zu finden. Die Welt wird immer komplexer. Ihr Gesch\u00e4ft auch. Gerade kleine und mittelst\u00e4ndische Unternehmen sind oft mit ihrem &#8222;daily business&#8220; ausgelastet und tun sich schwer, Resourcen f\u00fcr strategische Aufgaben zu aktivieren. Ein Blick von au\u00dfen, ohne Betriebsblindheit und Termindruck, hilft, neue Wege und L\u00f6sungen zu finden. [&hellip;]<\/p>\n","protected":false},"author":1,"featured_media":0,"parent":0,"menu_order":0,"comment_status":"closed","ping_status":"closed","template":"page-templates\/homepage.php","meta":{"footnotes":""},"class_list":["post-52","page","type-page","status-publish","hentry"],"_links":{"self":[{"href":"https:\/\/ergoist-gmbh.de\/index.php\/wp-json\/wp\/v2\/pages\/52","targetHints":{"allow":["GET"]}}],"collection":[{"href":"https:\/\/ergoist-gmbh.de\/index.php\/wp-json\/wp\/v2\/pages"}],"about":[{"href":"https:\/\/ergoist-gmbh.de\/index.php\/wp-json\/wp\/v2\/types\/page"}],"author":[{"embeddable":true,"href":"https:\/\/ergoist-gmbh.de\/index.php\/wp-json\/wp\/v2\/users\/1"}],"replies":[{"embeddable":true,"href":"https:\/\/ergoist-gmbh.de\/index.php\/wp-json\/wp\/v2\/comments?post=52"}],"version-history":[{"count":20,"href":"https:\/\/ergoist-gmbh.de\/index.php\/wp-json\/wp\/v2\/pages\/52\/revisions"}],"predecessor-version":[{"id":1595,"href":"https:\/\/ergoist-gmbh.de\/index.php\/wp-json\/wp\/v2\/pages\/52\/revisions\/1595"}],"wp:attachment":[{"href":"https:\/\/ergoist-gmbh.de\/index.php\/wp-json\/wp\/v2\/media?parent=52"}],"curies":[{"name":"wp","href":"https:\/\/api.w.org\/{rel}","templated":true}]}}